{"id":87,"date":"2024-02-16T02:06:32","date_gmt":"2024-02-16T02:06:32","guid":{"rendered":"https:\/\/socconnect.recwebdesign.com\/?page_id=87"},"modified":"2024-02-16T19:18:59","modified_gmt":"2024-02-16T19:18:59","slug":"fussballstipendium","status":"publish","type":"page","link":"https:\/\/socconnect.recwebdesign.com\/index.php\/fussballstipendium\/","title":{"rendered":"Fu\u00dfballstipendium"},"content":{"rendered":"\t\t<div data-elementor-type=\"wp-page\" data-elementor-id=\"87\" class=\"elementor elementor-87\">\n\t\t\t\t<div class=\"elementor-element elementor-element-84e4fec e-flex e-con-boxed e-con e-parent\" data-id=\"84e4fec\" data-element_type=\"container\">\n\t\t\t\t\t<div class=\"e-con-inner\">\n\t\t\t\t<div class=\"elementor-element elementor-element-e93d385 elementor-widget elementor-widget-spacer\" data-id=\"e93d385\" data-element_type=\"widget\" data-widget_type=\"spacer.default\">\n\t\t\t\t<div class=\"elementor-widget-container\">\n\t\t\t\t\t<div class=\"elementor-spacer\">\n\t\t\t<div class=\"elementor-spacer-inner\"><\/div>\n\t\t<\/div>\n\t\t\t\t<\/div>\n\t\t\t\t<\/div>\n\t\t\t\t<div class=\"elementor-element elementor-element-4829bcc elementor-widget elementor-widget-heading\" data-id=\"4829bcc\" data-element_type=\"widget\" data-widget_type=\"heading.default\">\n\t\t\t\t<div class=\"elementor-widget-container\">\n\t\t\t<h2 class=\"elementor-heading-title elementor-size-default\">Die App, die JEDEM ein Stipendium an US Colleges erm\u00f6glicht!<\/h2>\t\t<\/div>\n\t\t\t\t<\/div>\n\t\t\t\t<div class=\"elementor-element elementor-element-214e744 e-transform elementor-widget elementor-widget-image-gallery\" data-id=\"214e744\" data-element_type=\"widget\" data-settings=\"{&quot;_transform_scale_effect_hover&quot;:{&quot;unit&quot;:&quot;px&quot;,&quot;size&quot;:1.01,&quot;sizes&quot;:[]},&quot;_transform_scale_effect_hover_tablet&quot;:{&quot;unit&quot;:&quot;px&quot;,&quot;size&quot;:&quot;&quot;,&quot;sizes&quot;:[]},&quot;_transform_scale_effect_hover_mobile&quot;:{&quot;unit&quot;:&quot;px&quot;,&quot;size&quot;:&quot;&quot;,&quot;sizes&quot;:[]}}\" data-widget_type=\"image-gallery.default\">\n\t\t\t\t<div class=\"elementor-widget-container\">\n\t\t\t\t\t<div class=\"elementor-image-gallery\">\n\t\t\t<div id='gallery-1' class='gallery galleryid-87 gallery-columns-3 gallery-size-medium_large'><figure class='gallery-item'>\n\t\t\t<div class='gallery-icon landscape'>\n\t\t\t\t<a data-elementor-open-lightbox=\"yes\" data-elementor-lightbox-slideshow=\"214e744\" data-elementor-lightbox-title=\"IMG_2209\" data-e-action-hash=\"#elementor-action%3Aaction%3Dlightbox%26settings%3DeyJpZCI6MjI4LCJ1cmwiOiJodHRwczpcL1wvc29jY29ubmVjdC5yZWN3ZWJkZXNpZ24uY29tXC93cC1jb250ZW50XC91cGxvYWRzXC8yMDI0XC8wMlwvSU1HXzIyMDktc2NhbGVkLmpwZWciLCJzbGlkZXNob3ciOiIyMTRlNzQ0In0%3D\" href='https:\/\/socconnect.recwebdesign.com\/wp-content\/uploads\/2024\/02\/IMG_2209-scaled.jpeg'><img fetchpriority=\"high\" decoding=\"async\" width=\"768\" height=\"512\" src=\"https:\/\/socconnect.recwebdesign.com\/wp-content\/uploads\/2024\/02\/IMG_2209-768x512.jpeg\" class=\"attachment-medium_large size-medium_large\" alt=\"College students support the team at University of Saint Francis\" srcset=\"https:\/\/socconnect.recwebdesign.com\/wp-content\/uploads\/2024\/02\/IMG_2209-768x512.jpeg 768w, https:\/\/socconnect.recwebdesign.com\/wp-content\/uploads\/2024\/02\/IMG_2209-300x200.jpeg 300w, https:\/\/socconnect.recwebdesign.com\/wp-content\/uploads\/2024\/02\/IMG_2209-1024x683.jpeg 1024w, https:\/\/socconnect.recwebdesign.com\/wp-content\/uploads\/2024\/02\/IMG_2209-1536x1024.jpeg 1536w, https:\/\/socconnect.recwebdesign.com\/wp-content\/uploads\/2024\/02\/IMG_2209-2048x1365.jpeg 2048w\" sizes=\"(max-width: 768px) 100vw, 768px\" \/><\/a>\n\t\t\t<\/div><\/figure><figure class='gallery-item'>\n\t\t\t<div class='gallery-icon landscape'>\n\t\t\t\t<a data-elementor-open-lightbox=\"yes\" data-elementor-lightbox-slideshow=\"214e744\" data-elementor-lightbox-title=\"IMG_2273\" data-e-action-hash=\"#elementor-action%3Aaction%3Dlightbox%26settings%3DeyJpZCI6MjI0LCJ1cmwiOiJodHRwczpcL1wvc29jY29ubmVjdC5yZWN3ZWJkZXNpZ24uY29tXC93cC1jb250ZW50XC91cGxvYWRzXC8yMDI0XC8wMlwvSU1HXzIyNzMtc2NhbGVkLmpwZWciLCJzbGlkZXNob3ciOiIyMTRlNzQ0In0%3D\" href='https:\/\/socconnect.recwebdesign.com\/wp-content\/uploads\/2024\/02\/IMG_2273-scaled.jpeg'><img decoding=\"async\" width=\"768\" height=\"549\" src=\"https:\/\/socconnect.recwebdesign.com\/wp-content\/uploads\/2024\/02\/IMG_2273-768x549.jpeg\" class=\"attachment-medium_large size-medium_large\" alt=\"\" srcset=\"https:\/\/socconnect.recwebdesign.com\/wp-content\/uploads\/2024\/02\/IMG_2273-768x549.jpeg 768w, https:\/\/socconnect.recwebdesign.com\/wp-content\/uploads\/2024\/02\/IMG_2273-300x214.jpeg 300w, https:\/\/socconnect.recwebdesign.com\/wp-content\/uploads\/2024\/02\/IMG_2273-1024x731.jpeg 1024w, https:\/\/socconnect.recwebdesign.com\/wp-content\/uploads\/2024\/02\/IMG_2273-1536x1097.jpeg 1536w, https:\/\/socconnect.recwebdesign.com\/wp-content\/uploads\/2024\/02\/IMG_2273-2048x1463.jpeg 2048w\" sizes=\"(max-width: 768px) 100vw, 768px\" \/><\/a>\n\t\t\t<\/div><\/figure><figure class='gallery-item'>\n\t\t\t<div class='gallery-icon landscape'>\n\t\t\t\t<a data-elementor-open-lightbox=\"yes\" data-elementor-lightbox-slideshow=\"214e744\" data-elementor-lightbox-title=\"IMG_2205\" data-e-action-hash=\"#elementor-action%3Aaction%3Dlightbox%26settings%3DeyJpZCI6MjI5LCJ1cmwiOiJodHRwczpcL1wvc29jY29ubmVjdC5yZWN3ZWJkZXNpZ24uY29tXC93cC1jb250ZW50XC91cGxvYWRzXC8yMDI0XC8wMlwvSU1HXzIyMDUtc2NhbGVkLmpwZWciLCJzbGlkZXNob3ciOiIyMTRlNzQ0In0%3D\" href='https:\/\/socconnect.recwebdesign.com\/wp-content\/uploads\/2024\/02\/IMG_2205-scaled.jpeg'><img decoding=\"async\" width=\"768\" height=\"512\" src=\"https:\/\/socconnect.recwebdesign.com\/wp-content\/uploads\/2024\/02\/IMG_2205-768x512.jpeg\" class=\"attachment-medium_large size-medium_large\" alt=\"College students support the team at University of Saint Francis\" srcset=\"https:\/\/socconnect.recwebdesign.com\/wp-content\/uploads\/2024\/02\/IMG_2205-768x512.jpeg 768w, https:\/\/socconnect.recwebdesign.com\/wp-content\/uploads\/2024\/02\/IMG_2205-300x200.jpeg 300w, https:\/\/socconnect.recwebdesign.com\/wp-content\/uploads\/2024\/02\/IMG_2205-1024x683.jpeg 1024w, https:\/\/socconnect.recwebdesign.com\/wp-content\/uploads\/2024\/02\/IMG_2205-1536x1024.jpeg 1536w, https:\/\/socconnect.recwebdesign.com\/wp-content\/uploads\/2024\/02\/IMG_2205-2048x1365.jpeg 2048w\" sizes=\"(max-width: 768px) 100vw, 768px\" \/><\/a>\n\t\t\t<\/div><\/figure>\n\t\t<\/div>\n\t\t<\/div>\n\t\t\t\t<\/div>\n\t\t\t\t<\/div>\n\t\t\t\t<div class=\"elementor-element elementor-element-33727f9 elementor-widget elementor-widget-text-editor\" data-id=\"33727f9\" data-element_type=\"widget\" data-widget_type=\"text-editor.default\">\n\t\t\t\t<div class=\"elementor-widget-container\">\n\t\t\t\t\t\t\t<h4><u>Die Dating-App des College Fu\u00dfballs<\/u><\/h4><p>In den USA gibt es \u00fcber 1700 Universit\u00e4ten in verschiedenen Verb\u00e4nden, darunter die gr\u00f6\u00dften Verb\u00e4nde NCAA, NAIA und NJCAA mit \u00fcber 1400 Fu\u00dfballtrainern, die gezielt nach internationalen Spielern suchen. Deutsche Spieler von der U19 Bundesliga bis zur Herren Kreisliga haben die Chance auf ein Fu\u00dfballstipendium. Die H\u00fcrde liegt jedoch nicht prim\u00e4r in sportlichen Leistungen, sondern darin, teure Agenturen bezahlen zu k\u00f6nnen, die den Kontakt zu Trainern vermitteln.<span class=\"Apple-converted-space\">\u00a0<\/span><\/p><p>\u00dcber 50 deutschsprachige Agenturen unterst\u00fctzen Spieler bei der Bewerbung f\u00fcr Fu\u00dfballstipendien an US-Colleges\/Universit\u00e4ten. Diese Agenturen bieten Hilfe bei der Erstellung von Highlightvideos, Englischtests (SAT, Toefl oder Duolingo), Visum- und Spielberechtigungsbeschaffung, Zeugnis\u00fcbersetzungen und dem Kontakt zu Trainern. Unsere App ersetzt diese Dienstleistungen und erm\u00f6glicht allen, auch finanziell schwachen Familien, ihren Kindern ein Studium in den USA zu erm\u00f6glichen.<span class=\"Apple-converted-space\">\u00a0<\/span><\/p><p>Die App funktioniert wie eine Datingapp f\u00fcr den Kontakt zwischen US-Trainern und Spielern. Anleitungen werden durch 5 Videotutorials und eine Checkliste ersetzt, \u00e4hnlich wie bei Agenturen. Die App ist kostenfrei, es f\u00e4llt lediglich eine 49\u20ac Geb\u00fchr an, um das Profil (Name, Bilder, Video, Statistiken, etc.) vor dem Kontakt mit dem ersten Trainer zu \u00fcberpr\u00fcfen.<\/p><p>Die App richtet sich zun\u00e4chst an m\u00e4nnliche Spieler im Alter von 16-24, die in Deutschland aktiv sind. Unsere langfristige Vision ist es, die App sp\u00e4ter auch f\u00fcr Spielerinnen zug\u00e4nglich zu machen.<\/p>\t\t\t\t\t\t<\/div>\n\t\t\t\t<\/div>\n\t\t\t\t\t<\/div>\n\t\t\t\t<\/div>\n\t\t<div class=\"elementor-element elementor-element-10dbb10 e-flex e-con-boxed e-con e-parent\" data-id=\"10dbb10\" data-element_type=\"container\">\n\t\t\t\t\t<div class=\"e-con-inner\">\n\t\t\t\t<div class=\"elementor-element elementor-element-2460ee8 elementor-widget elementor-widget-video\" data-id=\"2460ee8\" data-element_type=\"widget\" data-settings=\"{&quot;youtube_url&quot;:&quot;https:\\\/\\\/youtu.be\\\/ECYGSd3fOSE?si=LfyGC2wrgt8Uqajp&quot;,&quot;autoplay&quot;:&quot;yes&quot;,&quot;play_on_mobile&quot;:&quot;yes&quot;,&quot;loop&quot;:&quot;yes&quot;,&quot;video_type&quot;:&quot;youtube&quot;}\" data-widget_type=\"video.default\">\n\t\t\t\t<div class=\"elementor-widget-container\">\n\t\t\t\t\t<div class=\"elementor-wrapper elementor-open-inline\">\n\t\t\t<div class=\"elementor-video\"><\/div>\t\t<\/div>\n\t\t\t\t<\/div>\n\t\t\t\t<\/div>\n\t\t\t\t<div class=\"elementor-element elementor-element-2da1d59 elementor-widget elementor-widget-spacer\" data-id=\"2da1d59\" data-element_type=\"widget\" data-widget_type=\"spacer.default\">\n\t\t\t\t<div class=\"elementor-widget-container\">\n\t\t\t\t\t<div class=\"elementor-spacer\">\n\t\t\t<div class=\"elementor-spacer-inner\"><\/div>\n\t\t<\/div>\n\t\t\t\t<\/div>\n\t\t\t\t<\/div>\n\t\t\t\t<div class=\"elementor-element elementor-element-9e0d463 elementor-view-default elementor-position-top elementor-mobile-position-top elementor-widget elementor-widget-icon-box\" data-id=\"9e0d463\" data-element_type=\"widget\" data-widget_type=\"icon-box.default\">\n\t\t\t\t<div class=\"elementor-widget-container\">\n\t\t\t\t\t<div class=\"elementor-icon-box-wrapper\">\n\n\t\t\t\t\t\t<div class=\"elementor-icon-box-icon\">\n\t\t\t\t<span  class=\"elementor-icon elementor-animation-\">\n\t\t\t\t<svg aria-hidden=\"true\" class=\"e-font-icon-svg e-fab-app-store\" viewBox=\"0 0 512 512\" xmlns=\"http:\/\/www.w3.org\/2000\/svg\"><path d=\"M255.9 120.9l9.1-15.7c5.6-9.8 18.1-13.1 27.9-7.5 9.8 5.6 13.1 18.1 7.5 27.9l-87.5 151.5h63.3c20.5 0 32 24.1 23.1 40.8H113.8c-11.3 0-20.4-9.1-20.4-20.4 0-11.3 9.1-20.4 20.4-20.4h52l66.6-115.4-20.8-36.1c-5.6-9.8-2.3-22.2 7.5-27.9 9.8-5.6 22.2-2.3 27.9 7.5l8.9 15.7zm-78.7 218l-19.6 34c-5.6 9.8-18.1 13.1-27.9 7.5-9.8-5.6-13.1-18.1-7.5-27.9l14.6-25.2c16.4-5.1 29.8-1.2 40.4 11.6zm168.9-61.7h53.1c11.3 0 20.4 9.1 20.4 20.4 0 11.3-9.1 20.4-20.4 20.4h-29.5l19.9 34.5c5.6 9.8 2.3 22.2-7.5 27.9-9.8 5.6-22.2 2.3-27.9-7.5-33.5-58.1-58.7-101.6-75.4-130.6-17.1-29.5-4.9-59.1 7.2-69.1 13.4 23 33.4 57.7 60.1 104zM256 8C119 8 8 119 8 256s111 248 248 248 248-111 248-248S393 8 256 8zm216 248c0 118.7-96.1 216-216 216-118.7 0-216-96.1-216-216 0-118.7 96.1-216 216-216 118.7 0 216 96.1 216 216z\"><\/path><\/svg>\t\t\t\t<\/span>\n\t\t\t<\/div>\n\t\t\t\n\t\t\t\t\t\t<div class=\"elementor-icon-box-content\">\n\n\t\t\t\t\t\t\t\t\t<h3 class=\"elementor-icon-box-title\">\n\t\t\t\t\t\t<span  >\n\t\t\t\t\t\t\tThe App will be launched soon...\t\t\t\t\t\t<\/span>\n\t\t\t\t\t<\/h3>\n\t\t\t\t\n\t\t\t\t\t\t\t\t\t<p class=\"elementor-icon-box-description\">\n\t\t\t\t\t\texpected: April 2024\t\t\t\t\t<\/p>\n\t\t\t\t\n\t\t\t<\/div>\n\t\t\t\n\t\t<\/div>\n\t\t\t\t<\/div>\n\t\t\t\t<\/div>\n\t\t\t\t\t<\/div>\n\t\t\t\t<\/div>\n\t\t\t\t<\/div>\n\t\t","protected":false},"excerpt":{"rendered":"<p>Die App, die JEDEM ein Stipendium an US Colleges erm\u00f6glicht! Die Dating-App des College Fu\u00dfballs In den USA gibt es [&hellip;]<\/p>\n","protected":false},"author":2,"featured_media":0,"parent":0,"menu_order":0,"comment_status":"closed","ping_status":"closed","template":"","meta":{"site-sidebar-layout":"no-sidebar","site-content-layout":"","ast-site-content-layout":"full-width-container","site-content-style":"default","site-sidebar-style":"default","ast-global-header-display":"","ast-banner-title-visibility":"","ast-main-header-display":"","ast-hfb-above-header-display":"","ast-hfb-below-header-display":"","ast-hfb-mobile-header-display":"","site-post-title":"disabled","ast-breadcrumbs-content":"","ast-featured-img":"disabled","footer-sml-layout":"","theme-transparent-header-meta":"","adv-header-id-meta":"","stick-header-meta":"","header-above-stick-meta":"","header-main-stick-meta":"","header-below-stick-meta":"","astra-migrate-meta-layouts":"default","ast-page-background-enabled":"default","ast-page-background-meta":{"desktop":{"background-color":"var(--ast-global-color-4)","background-image":"","background-repeat":"repeat","background-position":"center center","background-size":"auto","background-attachment":"scroll","background-type":"","background-media":"","overlay-type":"","overlay-color":"","overlay-gradient":""},"tablet":{"background-color":"","background-image":"","background-repeat":"repeat","background-position":"center center","background-size":"auto","background-attachment":"scroll","background-type":"","background-media":"","overlay-type":"","overlay-color":"","overlay-gradient":""},"mobile":{"background-color":"","background-image":"","background-repeat":"repeat","background-position":"center center","background-size":"auto","background-attachment":"scroll","background-type":"","background-media":"","overlay-type":"","overlay-color":"","overlay-gradient":""}},"ast-content-background-meta":{"desktop":{"background-color":"var(--ast-global-color-5)","background-image":"","background-repeat":"repeat","background-position":"center center","background-size":"auto","background-attachment":"scroll","background-type":"","background-media":"","overlay-type":"","overlay-color":"","overlay-gradient":""},"tablet":{"background-color":"var(--ast-global-color-5)","background-image":"","background-repeat":"repeat","background-position":"center center","background-size":"auto","background-attachment":"scroll","background-type":"","background-media":"","overlay-type":"","overlay-color":"","overlay-gradient":""},"mobile":{"background-color":"var(--ast-global-color-5)","background-image":"","background-repeat":"repeat","background-position":"center center","background-size":"auto","background-attachment":"scroll","background-type":"","background-media":"","overlay-type":"","overlay-color":"","overlay-gradient":""}},"footnotes":""},"_links":{"self":[{"href":"https:\/\/socconnect.recwebdesign.com\/index.php\/wp-json\/wp\/v2\/pages\/87"}],"collection":[{"href":"https:\/\/socconnect.recwebdesign.com\/index.php\/wp-json\/wp\/v2\/pages"}],"about":[{"href":"https:\/\/socconnect.recwebdesign.com\/index.php\/wp-json\/wp\/v2\/types\/page"}],"author":[{"embeddable":true,"href":"https:\/\/socconnect.recwebdesign.com\/index.php\/wp-json\/wp\/v2\/users\/2"}],"replies":[{"embeddable":true,"href":"https:\/\/socconnect.recwebdesign.com\/index.php\/wp-json\/wp\/v2\/comments?post=87"}],"version-history":[{"count":46,"href":"https:\/\/socconnect.recwebdesign.com\/index.php\/wp-json\/wp\/v2\/pages\/87\/revisions"}],"predecessor-version":[{"id":331,"href":"https:\/\/socconnect.recwebdesign.com\/index.php\/wp-json\/wp\/v2\/pages\/87\/revisions\/331"}],"wp:attachment":[{"href":"https:\/\/socconnect.recwebdesign.com\/index.php\/wp-json\/wp\/v2\/media?parent=87"}],"curies":[{"name":"wp","href":"https:\/\/api.w.org\/{rel}","templated":true}]}}